{"id":435,"date":"2025-10-21T11:11:33","date_gmt":"2025-10-21T11:11:33","guid":{"rendered":"https:\/\/www.ailalelo.com\/aviso-legal\/"},"modified":"2025-10-21T12:49:31","modified_gmt":"2025-10-21T12:49:31","slug":"aviso-legal","status":"publish","type":"page","link":"https:\/\/www.ailalelo.com\/gl\/aviso-legal\/","title":{"rendered":"Aviso Legal"},"content":{"rendered":"\t\t<div data-elementor-type=\"wp-page\" data-elementor-id=\"435\" class=\"elementor elementor-435 elementor-274\" data-elementor-post-type=\"page\">\n\t\t\t\t<div class=\"elementor-element elementor-element-84e3f84 e-flex e-con-boxed e-con e-parent\" data-id=\"84e3f84\" data-element_type=\"container\">\n\t\t\t\t\t<div class=\"e-con-inner\">\n\t\t\t\t<div class=\"elementor-element elementor-element-e03634f elementor-widget elementor-widget-heading\" data-id=\"e03634f\" data-element_type=\"widget\" data-widget_type=\"heading.default\">\n\t\t\t\t\t<h2 class=\"elementor-heading-title elementor-size-default\">AVISO LEGAL<\/h2>\t\t\t\t<\/div>\n\t\t\t\t<div class=\"elementor-element elementor-element-2997852 elementor-widget__width-initial elementor-widget-mobile__width-initial elementor-widget elementor-widget-text-editor\" data-id=\"2997852\" data-element_type=\"widget\" data-widget_type=\"text-editor.default\">\n\t\t\t\t\t\t\t\t\t<p data-start=\"152\" data-end=\"558\">Ailalelo, responsable do sitio web, en diante RESPONSABLE, pon \u00e1 disposici\u00f3n dos usuarios o presente documento, co que pretende dar cumprimento \u00e1s obrigas dispostas na Lei 34\/2002, do 11 de xullo, de Servizos da Sociedade da Informaci\u00f3n e do Comercio Electr\u00f3nico (LSSICE), as\u00ed como informar a todos os usuarios do sitio web respecto a cales son as condici\u00f3ns de uso.<\/p>\n<p data-start=\"560\" data-end=\"793\">Toda persoa que acceda a este sitio web asume o papel de usuario, compromet\u00e9ndose \u00e1 observancia e cumprimento rigoroso das disposici\u00f3ns aqu\u00ed dispostas, as\u00ed como a calquera outra disposici\u00f3n legal que fose de aplicaci\u00f3n.<\/p>\n<p data-start=\"795\" data-end=\"1089\">Ailalelo res\u00e9rvase o dereito de modificar calquera tipo de informaci\u00f3n que puidera aparecer no sitio web, sen que exista obriga de preavisar ou po\u00f1er en co\u00f1ecemento dos usuarios ditas obrigas, entend\u00e9ndose como suficiente coa publicaci\u00f3n no sitio web de Ailalelo<\/p>\n<ol data-start=\"1091\" data-end=\"1115\">\n<li data-start=\"1091\" data-end=\"1115\">\n<p data-start=\"1094\" data-end=\"1115\">DATOS IDENTIFICATIVOS<\/p>\n<\/li>\n<\/ol>\n<p data-start=\"947\" data-end=\"1032\">Denominaci\u00f3n social: AILALELO SL.<\/p>\n<p data-start=\"947\" data-end=\"1032\">CIF: B06884621<br data-start=\"979\" data-end=\"982\">e-mail: info@ailalelo.com<br data-start=\"1010\" data-end=\"1013\">Web: ailalelo.com<\/p>\n<ol start=\"2\" data-start=\"1182\" data-end=\"1191\">\n<li data-start=\"1182\" data-end=\"1191\">\n<p data-start=\"1185\" data-end=\"1191\">OBXECTO<\/p>\n<\/li>\n<\/ol>\n<p data-start=\"1193\" data-end=\"1314\">A trav\u00e9s do Sitio Web, ofrec\u00e9moslles aos Usuarios a posibilidade de acceder \u00e1 informaci\u00f3n sobre os nosos servizos.<\/p>\n<ol start=\"3\" data-start=\"1316\" data-end=\"1352\">\n<li data-start=\"1316\" data-end=\"1352\">\n<p data-start=\"1319\" data-end=\"1352\">PRIVACIDADE E TRATAMENTO DE DATOS<\/p>\n<\/li>\n<\/ol>\n<p data-start=\"1354\" data-end=\"1723\">Cando para o acceso a determinados contidos ou servizo sexa necesario facilitar datos de car\u00e1cter persoal, os Usuarios garantir\u00e1n a s\u00faa veracidade, exactitude, autenticidade e vixencia. A empresa dar\u00e1 a ditos datos o tratamento automatizado que corresponda en funci\u00f3n da s\u00faa natureza ou finalidade, nos termos indicados na secci\u00f3n de Pol\u00edtica de Privacidade. <\/p>\n<ol start=\"4\" data-start=\"1725\" data-end=\"1762\">\n<li data-start=\"1725\" data-end=\"1762\">\n<p data-start=\"1728\" data-end=\"1762\">PROPIEDADE INDUSTRIAL E INTELECTUAL<\/p>\n<\/li>\n<\/ol>\n<p data-start=\"1764\" data-end=\"3411\">O Usuario reco\u00f1ece e acepta que todos os contidos que se mostran no Espazo Web e en especial, dese\u00f1os, textos, imaxes, logos, iconas, bot\u00f3ns, software, nomes comerciais, marcas, ou calquera outros signos susceptibles de utilizaci\u00f3n industrial e\/ou comercial est\u00e1n suxeitos a dereitos de Propiedade Intelectual e todas as marcas, nomes comerciais ou signos distintivos, todos os dereitos de propiedade industrial e intelectual, sobre os contidos e\/ou calquera outros elementos inseridos na p\u00e1xina, que son propiedade exclusiva da empresa e\/ou de terceiros, quen te\u00f1en o dereito exclusivo de utilizalos no tr\u00e1fico econ\u00f3mico. Por todo iso o Usuario comprom\u00e9tese a non reproducir, copiar, distribu\u00edr, po\u00f1er \u00e1 disposici\u00f3n ou de calquera outra forma comunicar publicamente, transformar ou modificar tales contidos mantendo indemne \u00e1 empresa de calquera reclamaci\u00f3n que se derive do incumprimento de tales obrigas. En ning\u00fan caso o acceso ao Espazo Web implica ning\u00fan tipo de renuncia, transmisi\u00f3n, licenza ou cesi\u00f3n total nin parcial de ditos dereitos, salvo que se estableza expresamente o contrario. As presentes Condici\u00f3ns Xerais de Uso do Espazo Web non confiren aos Usuarios ning\u00fan outro dereito de utilizaci\u00f3n, RRHH, alteraci\u00f3n, explotaci\u00f3n, reproduci\u00f3n, distribuci\u00f3n ou comunicaci\u00f3n p\u00fablica do Espazo Web e\/ou dos seus Contidos distintos dos aqu\u00ed expresamente previstos. Calquera outro uso ou explotaci\u00f3n de calquera dereitos estar\u00e1 suxeito \u00e1 previa e expresa autorizaci\u00f3n especificamente outorgada a tal efecto pola empresa ou o terceiro titular dos dereitos afectados.    <\/p>\n<p data-start=\"3413\" data-end=\"4380\">Os contidos, textos, fotograf\u00edas, dese\u00f1os, logotipos, imaxes, programas de ordenador, c\u00f3digos fonte e, en xeral, calquera creaci\u00f3n intelectual existente neste Espazo, as\u00ed como o propio Espazo no seu conxunto, como obra art\u00edstica multimedia, est\u00e1n protexidos como dereitos de autor pola lexislaci\u00f3n en materia de propiedade intelectual. A empresa \u00e9 titular dos elementos que integran o dese\u00f1o gr\u00e1fico do Espazo Web, os men\u00fas, bot\u00f3ns de navegaci\u00f3n, o c\u00f3digo HTML, os textos, imaxes, texturas, gr\u00e1ficos e calquera outro contido do Espazo Web ou, en calquera caso disp\u00f3n da correspondente autorizaci\u00f3n para a utilizaci\u00f3n de ditos elementos. O contido disposto no Espazo Web non poder\u00e1 ser reproducido nin en todo nin en parte, nin transmitido, nin rexistrado por ning\u00fan sistema de recuperaci\u00f3n de informaci\u00f3n, en ningunha forma nin en ning\u00fan medio, a menos que se conte coa autorizaci\u00f3n previa, por escrito, da citada Entidade.  <\/p>\n<p data-start=\"4382\" data-end=\"4898\">As\u00ed mesmo queda prohibido suprimir, eludir e\/ou manipular o \u00abcopyright\u00bb as\u00ed como os dispositivos t\u00e9cnicos de protecci\u00f3n, ou calquera mecanismos de informaci\u00f3n que puideren conter os contidos. O Usuario deste Espazo Web comprom\u00e9tese a respectar os dereitos enunciados e a evitar calquera actuaci\u00f3n que puidera prexudicalos, reserv\u00e1ndose en todo caso a empresa o exercicio de cantos medios ou acci\u00f3ns legais lle correspondan en defensa dos seus lex\u00edtimos dereitos de propiedade intelectual e industrial. <\/p>\n<ol start=\"5\" data-start=\"4900\" data-end=\"4963\">\n<li data-start=\"4900\" data-end=\"4963\">\n<p data-start=\"4903\" data-end=\"4963\">OBRIGAS E RESPONSABILIDADES DO USUARIO DO ESPAZO WEB<\/p>\n<\/li>\n<\/ol>\n<p data-start=\"4965\" data-end=\"4992\">O Usuario comprom\u00e9tese a:<\/p>\n<p data-start=\"4994\" data-end=\"5811\">Facer un uso adecuado e l\u00edcito do Espazo Web as\u00ed como dos contidos e servizos, de conformidade con: (i) a lexislaci\u00f3n aplicable en cada momento; (ii) as Condici\u00f3ns Xerais de Uso do Espazo Web; (iii) a moral e boas costumes xeralmente aceptadas e (iv) a orde p\u00fablica.<br data-start=\"5284\" data-end=\"5287\">Proveerse de todos os medios e requirimentos t\u00e9cnicos que se precisen para acceder ao Espazo Web.<br data-start=\"5387\" data-end=\"5390\">Facilitar informaci\u00f3n veraz ao cumprimentar cos seus datos de car\u00e1cter persoal os formularios contidos no Espazo Web e a mantelos actualizados en todo momento de forma que responda, en cada momento, \u00e1 situaci\u00f3n real do Usuario. O Usuario ser\u00e1 o \u00fanico responsable das manifestaci\u00f3ns falsas ou inexactas que realice e dos prexu\u00edzos que cause \u00e1 empresa ou a terceiros pola informaci\u00f3n que facilite.     <\/p>\n<p data-start=\"50\" data-end=\"142\">Non obstante o establecido no apartado anterior o Usuario deber\u00e1 as\u00ed mesmo abstenerse de:<\/p>\n<p data-start=\"144\" data-end=\"2204\">a) Facer un uso non autorizado ou fraudulento do Espazo Web e\/ou dos contidos con fins ou efectos il\u00edcitos, prohibidos nas presentes Condici\u00f3ns Xerais de Uso, lesivos dos dereitos e intereses de terceiros, ou que de calquera forma poidan danar, inutilizar, sobrecargar, deteriorar ou impedir a normal utilizaci\u00f3n dos servizos ou os documentos, arquivos e toda clase de contidos almacenados en calquera equipo inform\u00e1tico.<br data-start=\"585\" data-end=\"588\">b) Acceder ou intentar acceder a recursos ou \u00e1reas restrinxidas do Espazo Web, sen cumprir as condici\u00f3ns esixidas para dito acceso.<br data-start=\"722\" data-end=\"725\">c) Provocar danos nos sistemas f\u00edsicos ou l\u00f3xicos do Espazo Web, dos seus provedores ou de terceiros.<br data-start=\"827\" data-end=\"830\">d) Introducir ou difundir na rede virus inform\u00e1ticos ou calquera outros sistemas f\u00edsicos ou l\u00f3xicos que sexan susceptibles de provocar danos nos sistemas f\u00edsicos ou l\u00f3xicos da empresa, dos seus provedores ou de terceiros.<br data-start=\"1054\" data-end=\"1057\">e) Intentar acceder, utilizar e\/ou manipular os datos da empresa, terceiros provedores e outros Usuarios.<br data-start=\"1164\" data-end=\"1167\">f) Reproducir ou copiar, distribu\u00edr, permitir o acceso do p\u00fablico a trav\u00e9s de calquera modalidade de comunicaci\u00f3n p\u00fablica, transformar ou modificar os contidos, a menos que se conte coa autorizaci\u00f3n do titular dos correspondentes dereitos ou iso resulte legalmente permitido.<br data-start=\"1454\" data-end=\"1457\">g) Suprimir, ocultar ou manipular as notas sobre dereitos de propiedade intelectual ou industrial e demais datos identificativos dos dereitos da empresa ou de terceiros incorporados aos contidos, as\u00ed como os dispositivos t\u00e9cnicos de protecci\u00f3n ou calquera mecanismos de informaci\u00f3n que poidan insertarse nos contidos.<br data-start=\"1788\" data-end=\"1791\">h) Obter e intentar obter os contidos empregando para iso medios ou procedementos distintos dos que, segundo os casos, se puxeran \u00e1 s\u00faa disposici\u00f3n a este efecto ou se indicaran expresamente nas p\u00e1xinas web onde se atopen os contidos ou, en xeral, dos que se empreguen habitualmente en Internet por non entra\u00f1ar un risco de dano ou inutilizaci\u00f3n do Espazo Web e\/ou dos contidos.<\/p>\n<ol start=\"6\" data-start=\"2206\" data-end=\"2226\">\n<li data-start=\"2206\" data-end=\"2226\">\n<p data-start=\"2209\" data-end=\"2226\">RESPONSABILIDADES<\/p>\n<\/li>\n<\/ol>\n<p data-start=\"2228\" data-end=\"2477\">Non se garante o acceso continuado, nin a correcta visualizaci\u00f3n, descarga ou utilidade dos elementos e informaci\u00f3ns contidas na web que poden verse impedidos, dificultados ou interrompidos por factores ou circunstancias f\u00f3ra do seu control.<\/p>\n<p data-start=\"2479\" data-end=\"2627\">Ailalelo non se fai responsable das decisi\u00f3ns que puideren adoptarse como consecuencia do acceso aos contidos ou informaci\u00f3ns ofrecidas.<\/p>\n<p data-start=\"2629\" data-end=\"2884\">Ailalelo poder\u00e1 interromper o servizo, ou resolver de modo inmediato a relaci\u00f3n co Usuario, se detecta que un uso do seu Espazo Web ou de calquera dos servizos ofertados no mesmo son contrarios \u00e1s presentes Condici\u00f3ns Xerais de Uso.<\/p>\n<p data-start=\"2886\" data-end=\"3244\">Ailalelo non se fai responsable por danos, prexu\u00edzos, perdas, reclamaci\u00f3ns ou gastos derivados do uso do Espazo Web. Unicamente ser\u00e1 responsable de eliminar, o antes posible, os contidos que poidan xerar tales prexu\u00edzos, sempre que as\u00ed se notifique. En especial non ser\u00e1 responsable dos prexu\u00edzos que se puideren derivar, entre outros, de:  <\/p>\n<ol data-start=\"3246\" data-end=\"3951\">\n<li data-start=\"3246\" data-end=\"3557\">\n<p data-start=\"3249\" data-end=\"3557\">Interferencias, interrupci\u00f3ns, fallos, omisi\u00f3ns, avar\u00edas telef\u00f3nicas, atrasos, bloqueos ou desconexi\u00f3ns no funcionamento do sistema electr\u00f3nico, motivados por deficiencias, sobrecargas e erros nas li\u00f1as e redes de telecomunicaci\u00f3ns, ou por calquera outra causa allea ao control da empresa.<\/p>\n<\/li>\n<li data-start=\"3558\" data-end=\"3742\">\n<p data-start=\"3561\" data-end=\"3742\">Intromisi\u00f3ns ilex\u00edtimas mediante o uso de programas malignos de calquera tipo e a trav\u00e9s de calquera medio de comunicaci\u00f3n, tales como virus inform\u00e1ticos ou calquera outros.<\/p>\n<\/li>\n<li data-start=\"3743\" data-end=\"3792\">\n<p data-start=\"3746\" data-end=\"3792\">Abuso indebido ou inadecuado do Espazo Web.<\/p>\n<\/li>\n<li data-start=\"3793\" data-end=\"3933\">\n<p data-start=\"3796\" data-end=\"3933\">Erros de seguridade ou navegaci\u00f3n producidos por un mal funcionamento do navegador ou polo uso de versi\u00f3ns non actualizadas do mesmo.<\/p>\n<\/li>\n<li data-start=\"3935\" data-end=\"3951\">\n<p data-start=\"3938\" data-end=\"3951\">HIPERLIGAZ\u00d3NS<\/p>\n<\/li>\n<\/ol>\n<p data-start=\"3953\" data-end=\"4163\">O Usuario \u00f3brigase a non reproducir de ning\u00fan modo, nin sequera mediante hiperenlace ou hiperligaz\u00f3n, o Espazo Web de Ailalelo, as\u00ed como ning\u00fan dos seus contidos, salvo autorizaci\u00f3n expresa e por escrito.<\/p>\n<p data-start=\"4165\" data-end=\"4609\">O Espazo Web pode inclu\u00edr enlaces a outros sitios web, xestionados por terceiros, co obxecto de facilitar o acceso do Usuario \u00e1 informaci\u00f3n de entidades colaboradoras e\/ou patrocinadoras. Conforme con iso, Ailalelo non se responsabiliza do contido de ditos sitios web, nin se sit\u00faa nunha posici\u00f3n de garante nin de parte ofertante dos servizos e\/ou informaci\u00f3n que se poidan ofrecer a terceiros a trav\u00e9s das ligaz\u00f3ns de terceiros. <\/p>\n<p data-start=\"4611\" data-end=\"4780\">Conc\u00e9dese ao Usuario un dereito limitado, revocable e non exclusivo a crear enlaces \u00e1 p\u00e1xina principal do Espazo Web exclusivamente para uso privado e non comercial.<\/p>\n<ol start=\"8\" data-start=\"4782\" data-end=\"4804\">\n<li data-start=\"4782\" data-end=\"4804\">\n<p data-start=\"4785\" data-end=\"4804\">PROTECCI\u00d3N DE DATOS<\/p>\n<\/li>\n<\/ol>\n<p data-start=\"4806\" data-end=\"5323\">Para utilizar alg\u00fans dos Servizos, os Usuarios deben proporcionar previamente certos datos de car\u00e1cter persoal. Para iso, Ailalelo tratar\u00e1 automatizadamente os Datos Persoais en cumprimento co Regulamento Xeral de Protecci\u00f3n de Datos (UE) 2016\/679. Para iso, o Usuario pode acceder \u00e1 pol\u00edtica seguida no tratamento dos datos persoais, as\u00ed como o establecemento das finalidades previamente establecidas, ao disposto nas condici\u00f3ns definidas na Pol\u00edtica de Privacidade.  <\/p>\n<ol start=\"9\" data-start=\"5325\" data-end=\"5335\">\n<li data-start=\"5325\" data-end=\"5335\">\n<p data-start=\"5328\" data-end=\"5335\">COOKIES<\/p>\n<\/li>\n<\/ol>\n<p data-start=\"5337\" data-end=\"5598\">Ailalelo res\u00e9rvase o dereito de utilizar a tecnolox\u00eda &#8220;cookie&#8221; no Espazo Web, a fin de reco\u00f1ecelo como Usuario frecuente e personalizar o uso que realice do Espazo Web mediante a preselecci\u00f3n do seu idioma, ou contidos m\u00e1is desexados ou espec\u00edficos.<\/p>\n<ol start=\"10\" data-start=\"5600\" data-end=\"5629\">\n<li data-start=\"5600\" data-end=\"5629\">\n<p data-start=\"5604\" data-end=\"5629\">DECLARACI\u00d3NS E GARANT\u00cdAS<\/p>\n<\/li>\n<\/ol>\n<p data-start=\"5631\" data-end=\"6094\">En xeral, os contidos e servizos ofrecidos no Espazo Web te\u00f1en car\u00e1cter meramente informativo. Por conseguinte, ao ofrecelos, non se outorga garant\u00eda nin declaraci\u00f3n algunha en relaci\u00f3n cos contidos e servizos ofrecidos no Espazo Web, inclu\u00edndo, sen car\u00e1cter limitativo, garant\u00edas de licitude, fiabilidade, utilidade, veracidade, exactitude, ou comerciabilidade, salvo na medida en que por lei non poidan exclu\u00edrse tales declaraci\u00f3ns e garant\u00edas. <\/p>\n<ol start=\"11\" data-start=\"6096\" data-end=\"6112\">\n<li data-start=\"6096\" data-end=\"6112\">\n<p data-start=\"6100\" data-end=\"6112\">FORZA MAIOR<\/p>\n<\/li>\n<\/ol>\n<p data-start=\"6114\" data-end=\"6468\">Ailalelo non ser\u00e1 responsable en todo en caso de imposibilidade de prestar servizo, se esta se debe a interrupci\u00f3ns prolongadas do subministro el\u00e9ctrico, li\u00f1as de telecomunicaci\u00f3ns, conflitos sociais, folgas, rebeli\u00f3n, explosi\u00f3ns, inundaci\u00f3ns, actos e omisi\u00f3ns do Goberno, e en xeral todos os supostos de forza maior ou de caso fortu\u00edto.<\/p>\n<ol start=\"12\" data-start=\"6470\" data-end=\"6531\">\n<li data-start=\"6470\" data-end=\"6531\">\n<p data-start=\"6474\" data-end=\"6531\">RESOLUCI\u00d3N DE CONTROVERSIAS. LEI APLICABLE E XURISDICI\u00d3N <\/p>\n<\/li>\n<\/ol>\n<p data-start=\"6533\" data-end=\"6791\">As presentes Condici\u00f3ns Xerais de Uso, as\u00ed como o uso do Espazo Web, rexeranse pola lexislaci\u00f3n espa\u00f1ola. Para a resoluci\u00f3n de calquera controversia as partes som\u00e9tense aos Xulgados e Tribunais do domicilio do Responsable do sitio web. <\/p>\t\t\t\t\t\t\t\t<\/div>\n\t\t\t\t\t<\/div>\n\t\t\t\t<\/div>\n\t\t\t\t<\/div>\n\t\t","protected":false},"excerpt":{"rendered":"<p>AVISO LEGAL Ailalelo, responsable do sitio web, en diante RESPONSABLE, pon \u00e1 disposici\u00f3n dos usuarios o presente documento, co que pretende dar cumprimento \u00e1s obrigas dispostas na Lei 34\/2002, do 11 de xullo, de Servizos da Sociedade da Informaci\u00f3n e do Comercio Electr\u00f3nico (LSSICE), as\u00ed como informar a todos os usuarios do sitio web respecto [&hellip;]<\/p>\n","protected":false},"author":2,"featured_media":0,"parent":0,"menu_order":0,"comment_status":"closed","ping_status":"closed","template":"","meta":{"footnotes":""},"class_list":["post-435","page","type-page","status-publish","hentry"],"yoast_head":"<!-- This site is optimized with the Yoast SEO plugin v26.2 - https:\/\/yoast.com\/wordpress\/plugins\/seo\/ -->\n<title>Aviso Legal - Ailalelo<\/title>\n<meta name=\"robots\" content=\"noindex, nofollow\" \/>\n<meta property=\"og:locale\" content=\"gl_ES\" \/>\n<meta property=\"og:type\" content=\"article\" \/>\n<meta property=\"og:title\" content=\"Aviso Legal - Ailalelo\" \/>\n<meta property=\"og:description\" content=\"AVISO LEGAL Ailalelo, responsable do sitio web, en diante RESPONSABLE, pon \u00e1 disposici\u00f3n dos usuarios o presente documento, co que pretende dar cumprimento \u00e1s obrigas dispostas na Lei 34\/2002, do 11 de xullo, de Servizos da Sociedade da Informaci\u00f3n e do Comercio Electr\u00f3nico (LSSICE), as\u00ed como informar a todos os usuarios do sitio web respecto [&hellip;]\" \/>\n<meta property=\"og:url\" content=\"https:\/\/www.ailalelo.com\/gl\/aviso-legal\/\" \/>\n<meta property=\"og:site_name\" content=\"Ailalelo\" \/>\n<meta property=\"article:modified_time\" content=\"2025-10-21T12:49:31+00:00\" \/>\n<meta name=\"twitter:card\" content=\"summary_large_image\" \/>\n<meta name=\"twitter:label1\" content=\"Tempo de lectura\" \/>\n\t<meta name=\"twitter:data1\" content=\"10 minutos\" \/>\n<script type=\"application\/ld+json\" class=\"yoast-schema-graph\">{\"@context\":\"https:\/\/schema.org\",\"@graph\":[{\"@type\":\"WebPage\",\"@id\":\"https:\/\/www.ailalelo.com\/gl\/aviso-legal\/\",\"url\":\"https:\/\/www.ailalelo.com\/gl\/aviso-legal\/\",\"name\":\"Aviso Legal - Ailalelo\",\"isPartOf\":{\"@id\":\"https:\/\/www.ailalelo.com\/gl\/#website\"},\"datePublished\":\"2025-10-21T11:11:33+00:00\",\"dateModified\":\"2025-10-21T12:49:31+00:00\",\"breadcrumb\":{\"@id\":\"https:\/\/www.ailalelo.com\/gl\/aviso-legal\/#breadcrumb\"},\"inLanguage\":\"gl-ES\",\"potentialAction\":[{\"@type\":\"ReadAction\",\"target\":[\"https:\/\/www.ailalelo.com\/gl\/aviso-legal\/\"]}]},{\"@type\":\"BreadcrumbList\",\"@id\":\"https:\/\/www.ailalelo.com\/gl\/aviso-legal\/#breadcrumb\",\"itemListElement\":[{\"@type\":\"ListItem\",\"position\":1,\"name\":\"Portada\",\"item\":\"https:\/\/www.ailalelo.com\/gl\/\"},{\"@type\":\"ListItem\",\"position\":2,\"name\":\"Aviso Legal\"}]},{\"@type\":\"WebSite\",\"@id\":\"https:\/\/www.ailalelo.com\/gl\/#website\",\"url\":\"https:\/\/www.ailalelo.com\/gl\/\",\"name\":\"Ailalelo\",\"description\":\"Nada de esto es inventado, pero lo parece.\",\"publisher\":{\"@id\":\"https:\/\/www.ailalelo.com\/gl\/#organization\"},\"potentialAction\":[{\"@type\":\"SearchAction\",\"target\":{\"@type\":\"EntryPoint\",\"urlTemplate\":\"https:\/\/www.ailalelo.com\/gl\/?s={search_term_string}\"},\"query-input\":{\"@type\":\"PropertyValueSpecification\",\"valueRequired\":true,\"valueName\":\"search_term_string\"}}],\"inLanguage\":\"gl-ES\"},{\"@type\":\"Organization\",\"@id\":\"https:\/\/www.ailalelo.com\/gl\/#organization\",\"name\":\"Ailalelo\",\"url\":\"https:\/\/www.ailalelo.com\/gl\/\",\"logo\":{\"@type\":\"ImageObject\",\"inLanguage\":\"gl-ES\",\"@id\":\"https:\/\/www.ailalelo.com\/gl\/#\/schema\/logo\/image\/\",\"url\":\"https:\/\/www.ailalelo.com\/wp-content\/uploads\/2025\/10\/logo_ailalelo.webp\",\"contentUrl\":\"https:\/\/www.ailalelo.com\/wp-content\/uploads\/2025\/10\/logo_ailalelo.webp\",\"width\":412,\"height\":155,\"caption\":\"Ailalelo\"},\"image\":{\"@id\":\"https:\/\/www.ailalelo.com\/gl\/#\/schema\/logo\/image\/\"}}]}<\/script>\n<!-- \/ Yoast SEO plugin. -->","yoast_head_json":{"title":"Aviso Legal - Ailalelo","robots":{"index":"noindex","follow":"nofollow"},"og_locale":"gl_ES","og_type":"article","og_title":"Aviso Legal - Ailalelo","og_description":"AVISO LEGAL Ailalelo, responsable do sitio web, en diante RESPONSABLE, pon \u00e1 disposici\u00f3n dos usuarios o presente documento, co que pretende dar cumprimento \u00e1s obrigas dispostas na Lei 34\/2002, do 11 de xullo, de Servizos da Sociedade da Informaci\u00f3n e do Comercio Electr\u00f3nico (LSSICE), as\u00ed como informar a todos os usuarios do sitio web respecto [&hellip;]","og_url":"https:\/\/www.ailalelo.com\/gl\/aviso-legal\/","og_site_name":"Ailalelo","article_modified_time":"2025-10-21T12:49:31+00:00","twitter_card":"summary_large_image","twitter_misc":{"Tempo de lectura":"10 minutos"},"schema":{"@context":"https:\/\/schema.org","@graph":[{"@type":"WebPage","@id":"https:\/\/www.ailalelo.com\/gl\/aviso-legal\/","url":"https:\/\/www.ailalelo.com\/gl\/aviso-legal\/","name":"Aviso Legal - Ailalelo","isPartOf":{"@id":"https:\/\/www.ailalelo.com\/gl\/#website"},"datePublished":"2025-10-21T11:11:33+00:00","dateModified":"2025-10-21T12:49:31+00:00","breadcrumb":{"@id":"https:\/\/www.ailalelo.com\/gl\/aviso-legal\/#breadcrumb"},"inLanguage":"gl-ES","potentialAction":[{"@type":"ReadAction","target":["https:\/\/www.ailalelo.com\/gl\/aviso-legal\/"]}]},{"@type":"BreadcrumbList","@id":"https:\/\/www.ailalelo.com\/gl\/aviso-legal\/#breadcrumb","itemListElement":[{"@type":"ListItem","position":1,"name":"Portada","item":"https:\/\/www.ailalelo.com\/gl\/"},{"@type":"ListItem","position":2,"name":"Aviso Legal"}]},{"@type":"WebSite","@id":"https:\/\/www.ailalelo.com\/gl\/#website","url":"https:\/\/www.ailalelo.com\/gl\/","name":"Ailalelo","description":"Nada de esto es inventado, pero lo parece.","publisher":{"@id":"https:\/\/www.ailalelo.com\/gl\/#organization"},"potentialAction":[{"@type":"SearchAction","target":{"@type":"EntryPoint","urlTemplate":"https:\/\/www.ailalelo.com\/gl\/?s={search_term_string}"},"query-input":{"@type":"PropertyValueSpecification","valueRequired":true,"valueName":"search_term_string"}}],"inLanguage":"gl-ES"},{"@type":"Organization","@id":"https:\/\/www.ailalelo.com\/gl\/#organization","name":"Ailalelo","url":"https:\/\/www.ailalelo.com\/gl\/","logo":{"@type":"ImageObject","inLanguage":"gl-ES","@id":"https:\/\/www.ailalelo.com\/gl\/#\/schema\/logo\/image\/","url":"https:\/\/www.ailalelo.com\/wp-content\/uploads\/2025\/10\/logo_ailalelo.webp","contentUrl":"https:\/\/www.ailalelo.com\/wp-content\/uploads\/2025\/10\/logo_ailalelo.webp","width":412,"height":155,"caption":"Ailalelo"},"image":{"@id":"https:\/\/www.ailalelo.com\/gl\/#\/schema\/logo\/image\/"}}]}},"_links":{"self":[{"href":"https:\/\/www.ailalelo.com\/gl\/wp-json\/wp\/v2\/pages\/435","targetHints":{"allow":["GET"]}}],"collection":[{"href":"https:\/\/www.ailalelo.com\/gl\/wp-json\/wp\/v2\/pages"}],"about":[{"href":"https:\/\/www.ailalelo.com\/gl\/wp-json\/wp\/v2\/types\/page"}],"author":[{"embeddable":true,"href":"https:\/\/www.ailalelo.com\/gl\/wp-json\/wp\/v2\/users\/2"}],"replies":[{"embeddable":true,"href":"https:\/\/www.ailalelo.com\/gl\/wp-json\/wp\/v2\/comments?post=435"}],"version-history":[{"count":1,"href":"https:\/\/www.ailalelo.com\/gl\/wp-json\/wp\/v2\/pages\/435\/revisions"}],"predecessor-version":[{"id":437,"href":"https:\/\/www.ailalelo.com\/gl\/wp-json\/wp\/v2\/pages\/435\/revisions\/437"}],"wp:attachment":[{"href":"https:\/\/www.ailalelo.com\/gl\/wp-json\/wp\/v2\/media?parent=435"}],"curies":[{"name":"wp","href":"https:\/\/api.w.org\/{rel}","templated":true}]}}