{"id":425,"date":"2025-10-21T11:03:41","date_gmt":"2025-10-21T11:03:41","guid":{"rendered":"https:\/\/www.ailalelo.com\/politica-de-privacidade\/"},"modified":"2025-10-21T12:49:25","modified_gmt":"2025-10-21T12:49:25","slug":"politica-de-privacidade","status":"publish","type":"page","link":"https:\/\/www.ailalelo.com\/gl\/politica-de-privacidade\/","title":{"rendered":"Pol\u00edtica de privacidade"},"content":{"rendered":"\t\t<div data-elementor-type=\"wp-page\" data-elementor-id=\"425\" class=\"elementor elementor-425 elementor-267\" data-elementor-post-type=\"page\">\n\t\t\t\t<div class=\"elementor-element elementor-element-84e3f84 e-flex e-con-boxed e-con e-parent\" data-id=\"84e3f84\" data-element_type=\"container\">\n\t\t\t\t\t<div class=\"e-con-inner\">\n\t\t\t\t<div class=\"elementor-element elementor-element-e03634f elementor-widget elementor-widget-heading\" data-id=\"e03634f\" data-element_type=\"widget\" data-widget_type=\"heading.default\">\n\t\t\t\t\t<h2 class=\"elementor-heading-title elementor-size-default\">Pol\u00edtica de privacidade<\/h2>\t\t\t\t<\/div>\n\t\t\t\t<div class=\"elementor-element elementor-element-2997852 elementor-widget__width-initial elementor-widget-mobile__width-initial elementor-widget elementor-widget-text-editor\" data-id=\"2997852\" data-element_type=\"widget\" data-widget_type=\"text-editor.default\">\n\t\t\t\t\t\t\t\t\t<ol data-start=\"97\" data-end=\"122\"><li data-start=\"97\" data-end=\"122\"><p data-start=\"100\" data-end=\"122\">INFORMACI\u00d3N AO USUARIO<\/p><\/li><\/ol><p data-start=\"124\" data-end=\"452\">Ailalelo, como Responsable do Tratamento, inf\u00f3rmalle de que, segundo o disposto no Regulamento (UE) 2016\/679, do 27 de abril, (RXPD) e na L.O. 3\/2018, do 5 de decembro, de protecci\u00f3n de datos e garant\u00eda dos dereitos dixitais (LOPDGDD), trataremos os seus datos tal e como reflectimos na presente Pol\u00edtica de Privacidade.<\/p><p data-start=\"454\" data-end=\"692\">Nesta Pol\u00edtica de Privacidade describimos como recollemos os seus datos persoais e por que os recollemos, que facemos con eles, con quen os compartimos, como os protexemos e as s\u00faas opci\u00f3ns en canto ao tratamento dos seus datos persoais.<\/p><p data-start=\"694\" data-end=\"932\">Esta Pol\u00edtica apl\u00edcase ao tratamento dos seus datos persoais recollidos pola empresa para a prestaci\u00f3n dos seus servizos. Se acepta as medidas desta Pol\u00edtica, acepta que tratemos os seus datos persoais como se define nesta Pol\u00edtica. <\/p><ol start=\"2\" data-start=\"934\" data-end=\"945\"><li data-start=\"934\" data-end=\"945\"><p data-start=\"937\" data-end=\"945\">CONTACTO<\/p><\/li><\/ol><p data-start=\"947\" data-end=\"1032\">Denominaci\u00f3n social: AILALELO SL.<\/p><p data-start=\"947\" data-end=\"1032\">CIF: B06884621<br data-start=\"979\" data-end=\"982\">e-mail: info@ailalelo.com<br data-start=\"1010\" data-end=\"1013\">Web: ailalelo.com<\/p><ol start=\"3\" data-start=\"1034\" data-end=\"1053\"><li data-start=\"1034\" data-end=\"1053\"><p data-start=\"1037\" data-end=\"1053\">PRINCIPIOS CLAVE<\/p><\/li><\/ol><p data-start=\"1055\" data-end=\"1242\">Sempre estivemos comprometidos con prestar os nosos servizos co m\u00e1is alto grao de calidade, o que incl\u00fae tratar os seus datos con seguridade e transparencia. Os nosos principios son: <\/p><p data-start=\"1244\" data-end=\"2737\">Legalidade: S\u00f3 recompilaremos os seus Datos persoais para fins espec\u00edficos, expl\u00edcitos e lex\u00edtimos.<br data-start=\"1342\" data-end=\"1345\">Minimizaci\u00f3n de datos: Limitamos a recollida de datos de car\u00e1cter persoal ao que \u00e9 estritamente relevante e necesario para os fins para os que se recompilaron.<br data-start=\"1514\" data-end=\"1517\">Limitaci\u00f3n da Finalidade: S\u00f3 recolleremos os seus datos persoais para os fins declarados e s\u00f3 segundo os seus desexos.<br data-start=\"1633\" data-end=\"1636\">Precisi\u00f3n: Manteremos os seus datos persoais exactos e actualizados.<br data-start=\"1704\" data-end=\"1707\">Seguridade dos Datos: Aplicamos as medidas t\u00e9cnicas e organizativas adecuadas e proporcionais aos riscos para garantir que os seus datos non sufran danos, tales como divulgaci\u00f3n ou acceso non autorizado, a destruci\u00f3n accidental ou il\u00edcita ou a s\u00faa perda accidental ou alteraci\u00f3n e calquera outra forma de tratamento il\u00edcito.<br data-start=\"2032\" data-end=\"2035\">Acceso e Rectificaci\u00f3n: Dispo\u00f1emos de medios para que acceda ou rectifique os seus datos cando o considere oportuno.<br data-start=\"2148\" data-end=\"2151\">Conservaci\u00f3n: Conservamos os seus datos persoais de maneira legal e apropiada e s\u00f3 mentres \u00e9 necesario para os fins para os que se recompilaron.<br data-start=\"2301\" data-end=\"2304\">As transferencias internacionais: cando se dea o caso de que os seus datos vaian ser transferidos f\u00f3ra da UE\/EEE protexeranse adecuadamente.<br data-start=\"2450\" data-end=\"2453\">Terceiros: O acceso e transferencia de datos persoais a terceiros l\u00e9vase a cabo de acordo coas leis e regulamentos aplicables e coas garant\u00edas contractuais adecuadas.<br data-start=\"2631\" data-end=\"2634\">Marketing Directo e cookies: Cumprimos coa lexislaci\u00f3n aplicable en materia de publicidade e cookies.<\/p><ol start=\"4\" data-start=\"2739\" data-end=\"2788\"><li data-start=\"2739\" data-end=\"2788\"><p data-start=\"2742\" data-end=\"2788\">RECOLLIDA E TRATAMENTO DOS SEUS DATOS PERSOAIS<\/p><\/li><\/ol><p data-start=\"2790\" data-end=\"3009\">Os tipos de datos que se poden solicitar e tratar son:<br data-start=\"2846\" data-end=\"2849\">Datos de car\u00e1cter identificativo.<br data-start=\"2882\" data-end=\"2885\">Tam\u00e9n recollemos de forma autom\u00e1tica datos sobre a s\u00faa visita ao noso sitio web segundo se describe na pol\u00edtica de cookies.<\/p><p data-start=\"3011\" data-end=\"3334\">Sempre que solicitemos os seus Datos persoais, informar\u00e9moslle con claridade de que datos persoais recollemos e con que fin. En xeral, recollemos e tratamos os seus datos persoais co prop\u00f3sito de:<br data-start=\"3209\" data-end=\"3212\">Proporcionar informaci\u00f3n, servizos, produtos, informaci\u00f3n relevante e novidades no sector.<br data-start=\"3307\" data-end=\"3310\">Env\u00edo de comunicaci\u00f3ns. <\/p><ol start=\"5\" data-start=\"3336\" data-end=\"3350\"><li data-start=\"3336\" data-end=\"3350\"><p data-start=\"3339\" data-end=\"3350\">LEXITIMIDADE<\/p><\/li><\/ol><p data-start=\"3352\" data-end=\"3961\">De acordo coa normativa de protecci\u00f3n de datos aplicable, os seus datos persoais poder\u00e1n tratarse sempre que:<br data-start=\"3463\" data-end=\"3466\">Deunos o seu consentimento aos efectos do tratamento. Por suposto poder\u00e1 retirar o seu consentimento en calquera momento.<br data-start=\"3593\" data-end=\"3596\">Por requirimento legal.<br data-start=\"3620\" data-end=\"3623\">Por existir un interese lex\u00edtimo que non se vexa menoscabado polos seus dereitos de privacidade, como por exemplo o env\u00edo de informaci\u00f3n comercial ben por subscrici\u00f3n \u00e1 nosa newsletter ou pola s\u00faa condici\u00f3n de cliente.<br data-start=\"3836\" data-end=\"3839\">Por ser necesaria para a prestaci\u00f3n dalg\u00fan dos nosos servizos mediante relaci\u00f3n contractual entre vostede e n\u00f3s. <\/p><ol start=\"6\" data-start=\"3963\" data-end=\"3998\"><li data-start=\"3963\" data-end=\"3998\"><p data-start=\"3966\" data-end=\"3998\">COMUNICACI\u00d3N DE DATOS PERSOAIS<\/p><\/li><\/ol><p data-start=\"4000\" data-end=\"4227\">Os datos poden ser comunicados a empresas relacionadas con Ailalelo para a prestaci\u00f3n dos diversos servizos en calidade de Encargados do Tratamento. A empresa non realizar\u00e1 ningunha cesi\u00f3n, salvo por obrigaci\u00f3n legal. <\/p><ol start=\"7\" data-start=\"4229\" data-end=\"4244\"><li data-start=\"4229\" data-end=\"4244\"><p data-start=\"4232\" data-end=\"4244\">OS SEUS DEREITOS<\/p><\/li><\/ol><p data-start=\"4246\" data-end=\"5165\">En relaci\u00f3n coa recollida e tratamento dos seus datos persoais, pode po\u00f1erse en contacto connosco en calquera momento para:<br data-start=\"4378\" data-end=\"4381\">Acceder aos seus datos persoais e a calquera outra informaci\u00f3n indicada no Artigo 15.1 do RXPD.<br data-start=\"4481\" data-end=\"4484\">Rectificar os seus datos persoais que sexan inexactos ou estean incompletos de acordo co Artigo 16 do RXPD.<br data-start=\"4594\" data-end=\"4597\">Suprimir os seus datos persoais de acordo co Artigo 17 do RXPD.<br data-start=\"4666\" data-end=\"4669\">Limitar o tratamento dos seus datos persoais de acordo co Artigo 18 do RXPD.<br data-start=\"4755\" data-end=\"4758\">Solicitar a portabilidade dos seus datos de acordo co Artigo 20 do RXPD.<br data-start=\"4836\" data-end=\"4839\">Opo\u00f1erse ao tratamento dos seus datos persoais de acordo co artigo 21 do RXPD.<br data-start=\"4926\" data-end=\"4929\">Se outorgou o seu consentimento para algunha finalidade concreta, ten dereito a retirar o consentimento outorgado en calquera momento, sen que iso afecte \u00e1 licitude do tratamento baseado no consentimento previo \u00e1 s\u00faa retirada.<\/p><p data-start=\"5167\" data-end=\"5264\">Pode exercer estes dereitos enviando comunicaci\u00f3n, motivada e acreditada, a info@ailalelo.com<\/p><p data-start=\"5266\" data-end=\"5438\">Tam\u00e9n ten dereito a presentar unha reclamaci\u00f3n ante a Autoridade de control competente (<a class=\"\" href=\"http:\/\/www.aepd.es\/\" target=\"_new\" rel=\"noopener\" data-start=\"5357\" data-end=\"5368\">www.aepd.es<\/a>) se considera que o tratamento non se axusta \u00e1 normativa vixente.<\/p><ol start=\"8\" data-start=\"5440\" data-end=\"5460\"><li data-start=\"5440\" data-end=\"5460\"><p data-start=\"5443\" data-end=\"5460\">INFORMACI\u00d3N LEGAL<\/p><\/li><\/ol><p data-start=\"5462\" data-end=\"5651\">Os requisitos desta Pol\u00edtica complementan, e non substit\u00faen, calquera outro requisito existente baixo a lei de protecci\u00f3n de datos aplicable, que ser\u00e1 a que prevaleza en calquera caso.<\/p><p data-start=\"5653\" data-end=\"5916\">Esta Pol\u00edtica est\u00e1 suxeita a revisi\u00f3ns peri\u00f3dicas e a empresa pode modificala en calquera momento. Cando isto ocorra, avisar\u00e9moslle de calquera cambio e pedir\u00e9moslle que volva ler a versi\u00f3n m\u00e1is recente da nosa Pol\u00edtica e que confirme a s\u00faa aceptaci\u00f3n. <\/p><p data-start=\"5918\" data-end=\"5947\">Pol\u00edtica de cookies Contido<\/p><p data-start=\"5949\" data-end=\"6435\">Esta web utiliza cookies propias e de terceiros para ofrecerlle unha mellor experiencia e servizo. Ao navegar ou utilizar os nosos servizos acepta o uso que facemos das cookies. Non obstante, ten a opci\u00f3n de impedir a xeraci\u00f3n de cookies e a eliminaci\u00f3n das mesmas mediante a selecci\u00f3n da correspondente opci\u00f3n no seu Navegador. En caso de bloquear o uso de cookies no seu navegador \u00e9 posible que alg\u00fans servizos ou funcionalidades da p\u00e1xina Web non estean dispo\u00f1ibles.   <\/p><p data-start=\"6437\" data-end=\"6456\">Que \u00e9 unha cookie?<\/p><p data-start=\"6458\" data-end=\"6858\">As cookies constit\u00faen unha ferramenta empregada polos servidores Web para almacenar e recuperar informaci\u00f3n acerca dos seus visitantes. \u00c9 un identificador \u00fanico en forma de ficheiro de texto que se remite ao dispositivo do usuario para rexistrar informaci\u00f3n, permitindo as\u00ed mellorar a calidade e seguridade da p\u00e1xina web. Pos\u00faen unha data de caducidade a partir da cal deixan de ser operativas.  <\/p><p data-start=\"6860\" data-end=\"6905\">Utilidade das cookies na nosa p\u00e1xina web<\/p><p data-start=\"6907\" data-end=\"7607\">Utilizamos cookies para facilitar a navegaci\u00f3n pola web e para obter unha maior eficacia e personalizaci\u00f3n dos servizos que lle ofrecemos. As cookies empregadas as\u00f3cianse unicamente cun Usuario an\u00f3nimo e o seu dispositivo, non proporcionan referencias que permitan obter os seus datos persoais nin inclu\u00edr virus no mesmo. Tampouco se poden ler as cookies implantadas no seu dispositivo desde outros servidores. A informaci\u00f3n que analizamos facendo uso das cookies son a direcci\u00f3n de protocolo de internet (IP) empregada para conectar o teu ordenador a internet, tipo e versi\u00f3n de navegador, sistema operativo e plataforma utilizada para a conexi\u00f3n e a data e a hora da dita actividade.   <\/p><p data-start=\"7609\" data-end=\"7626\">Cookies empregadas<\/p><p data-start=\"7628\" data-end=\"7925\">Utilizamos cookies permanentes que se almacenan no dispositivo do usuario e que permiten recuperar a informaci\u00f3n da navegaci\u00f3n na seguinte visita. Te\u00f1en data de caducidade. Estas cookies perm\u00edtennos personalizar as s\u00faas visitas, a trav\u00e9s das s\u00faas preferencias (por exemplo, pa\u00eds e idioma).  <\/p><p data-start=\"7927\" data-end=\"8089\">Tam\u00e9n utilizamos cookies de terceiros que permiten xestionar e mellorar os servizos ofrecidos. Como por exemplo, os servizos estat\u00edsticos de Google Analytics. <\/p>\t\t\t\t\t\t\t\t<\/div>\n\t\t\t\t\t<\/div>\n\t\t\t\t<\/div>\n\t\t\t\t<\/div>\n\t\t","protected":false},"excerpt":{"rendered":"<p>Pol\u00edtica de privacidade INFORMACI\u00d3N AO USUARIO Ailalelo, como Responsable do Tratamento, inf\u00f3rmalle de que, segundo o disposto no Regulamento (UE) 2016\/679, do 27 de abril, (RXPD) e na L.O. 3\/2018, do 5 de decembro, de protecci\u00f3n de datos e garant\u00eda dos dereitos dixitais (LOPDGDD), trataremos os seus datos tal e como reflectimos na presente Pol\u00edtica [&hellip;]<\/p>\n","protected":false},"author":2,"featured_media":0,"parent":0,"menu_order":0,"comment_status":"closed","ping_status":"closed","template":"","meta":{"footnotes":""},"class_list":["post-425","page","type-page","status-publish","hentry"],"yoast_head":"<!-- This site is optimized with the Yoast SEO plugin v26.2 - https:\/\/yoast.com\/wordpress\/plugins\/seo\/ -->\n<title>Pol\u00edtica de privacidade - Ailalelo<\/title>\n<meta name=\"robots\" content=\"noindex, nofollow\" \/>\n<meta property=\"og:locale\" content=\"gl_ES\" \/>\n<meta property=\"og:type\" content=\"article\" \/>\n<meta property=\"og:title\" content=\"Pol\u00edtica de privacidade - Ailalelo\" \/>\n<meta property=\"og:description\" content=\"Pol\u00edtica de privacidade INFORMACI\u00d3N AO USUARIO Ailalelo, como Responsable do Tratamento, inf\u00f3rmalle de que, segundo o disposto no Regulamento (UE) 2016\/679, do 27 de abril, (RXPD) e na L.O. 3\/2018, do 5 de decembro, de protecci\u00f3n de datos e garant\u00eda dos dereitos dixitais (LOPDGDD), trataremos os seus datos tal e como reflectimos na presente Pol\u00edtica [&hellip;]\" \/>\n<meta property=\"og:url\" content=\"https:\/\/www.ailalelo.com\/gl\/politica-de-privacidade\/\" \/>\n<meta property=\"og:site_name\" content=\"Ailalelo\" \/>\n<meta property=\"article:modified_time\" content=\"2025-10-21T12:49:25+00:00\" \/>\n<meta name=\"twitter:card\" content=\"summary_large_image\" \/>\n<meta name=\"twitter:label1\" content=\"Tempo de lectura\" \/>\n\t<meta name=\"twitter:data1\" content=\"6 minutos\" \/>\n<script type=\"application\/ld+json\" class=\"yoast-schema-graph\">{\"@context\":\"https:\/\/schema.org\",\"@graph\":[{\"@type\":\"WebPage\",\"@id\":\"https:\/\/www.ailalelo.com\/gl\/politica-de-privacidade\/\",\"url\":\"https:\/\/www.ailalelo.com\/gl\/politica-de-privacidade\/\",\"name\":\"Pol\u00edtica de privacidade - Ailalelo\",\"isPartOf\":{\"@id\":\"https:\/\/www.ailalelo.com\/gl\/#website\"},\"datePublished\":\"2025-10-21T11:03:41+00:00\",\"dateModified\":\"2025-10-21T12:49:25+00:00\",\"breadcrumb\":{\"@id\":\"https:\/\/www.ailalelo.com\/gl\/politica-de-privacidade\/#breadcrumb\"},\"inLanguage\":\"gl-ES\",\"potentialAction\":[{\"@type\":\"ReadAction\",\"target\":[\"https:\/\/www.ailalelo.com\/gl\/politica-de-privacidade\/\"]}]},{\"@type\":\"BreadcrumbList\",\"@id\":\"https:\/\/www.ailalelo.com\/gl\/politica-de-privacidade\/#breadcrumb\",\"itemListElement\":[{\"@type\":\"ListItem\",\"position\":1,\"name\":\"Portada\",\"item\":\"https:\/\/www.ailalelo.com\/gl\/\"},{\"@type\":\"ListItem\",\"position\":2,\"name\":\"Pol\u00edtica de privacidade\"}]},{\"@type\":\"WebSite\",\"@id\":\"https:\/\/www.ailalelo.com\/gl\/#website\",\"url\":\"https:\/\/www.ailalelo.com\/gl\/\",\"name\":\"Ailalelo\",\"description\":\"Nada de esto es inventado, pero lo parece.\",\"publisher\":{\"@id\":\"https:\/\/www.ailalelo.com\/gl\/#organization\"},\"potentialAction\":[{\"@type\":\"SearchAction\",\"target\":{\"@type\":\"EntryPoint\",\"urlTemplate\":\"https:\/\/www.ailalelo.com\/gl\/?s={search_term_string}\"},\"query-input\":{\"@type\":\"PropertyValueSpecification\",\"valueRequired\":true,\"valueName\":\"search_term_string\"}}],\"inLanguage\":\"gl-ES\"},{\"@type\":\"Organization\",\"@id\":\"https:\/\/www.ailalelo.com\/gl\/#organization\",\"name\":\"Ailalelo\",\"url\":\"https:\/\/www.ailalelo.com\/gl\/\",\"logo\":{\"@type\":\"ImageObject\",\"inLanguage\":\"gl-ES\",\"@id\":\"https:\/\/www.ailalelo.com\/gl\/#\/schema\/logo\/image\/\",\"url\":\"https:\/\/www.ailalelo.com\/wp-content\/uploads\/2025\/10\/logo_ailalelo.webp\",\"contentUrl\":\"https:\/\/www.ailalelo.com\/wp-content\/uploads\/2025\/10\/logo_ailalelo.webp\",\"width\":412,\"height\":155,\"caption\":\"Ailalelo\"},\"image\":{\"@id\":\"https:\/\/www.ailalelo.com\/gl\/#\/schema\/logo\/image\/\"}}]}<\/script>\n<!-- \/ Yoast SEO plugin. -->","yoast_head_json":{"title":"Pol\u00edtica de privacidade - Ailalelo","robots":{"index":"noindex","follow":"nofollow"},"og_locale":"gl_ES","og_type":"article","og_title":"Pol\u00edtica de privacidade - Ailalelo","og_description":"Pol\u00edtica de privacidade INFORMACI\u00d3N AO USUARIO Ailalelo, como Responsable do Tratamento, inf\u00f3rmalle de que, segundo o disposto no Regulamento (UE) 2016\/679, do 27 de abril, (RXPD) e na L.O. 3\/2018, do 5 de decembro, de protecci\u00f3n de datos e garant\u00eda dos dereitos dixitais (LOPDGDD), trataremos os seus datos tal e como reflectimos na presente Pol\u00edtica [&hellip;]","og_url":"https:\/\/www.ailalelo.com\/gl\/politica-de-privacidade\/","og_site_name":"Ailalelo","article_modified_time":"2025-10-21T12:49:25+00:00","twitter_card":"summary_large_image","twitter_misc":{"Tempo de lectura":"6 minutos"},"schema":{"@context":"https:\/\/schema.org","@graph":[{"@type":"WebPage","@id":"https:\/\/www.ailalelo.com\/gl\/politica-de-privacidade\/","url":"https:\/\/www.ailalelo.com\/gl\/politica-de-privacidade\/","name":"Pol\u00edtica de privacidade - Ailalelo","isPartOf":{"@id":"https:\/\/www.ailalelo.com\/gl\/#website"},"datePublished":"2025-10-21T11:03:41+00:00","dateModified":"2025-10-21T12:49:25+00:00","breadcrumb":{"@id":"https:\/\/www.ailalelo.com\/gl\/politica-de-privacidade\/#breadcrumb"},"inLanguage":"gl-ES","potentialAction":[{"@type":"ReadAction","target":["https:\/\/www.ailalelo.com\/gl\/politica-de-privacidade\/"]}]},{"@type":"BreadcrumbList","@id":"https:\/\/www.ailalelo.com\/gl\/politica-de-privacidade\/#breadcrumb","itemListElement":[{"@type":"ListItem","position":1,"name":"Portada","item":"https:\/\/www.ailalelo.com\/gl\/"},{"@type":"ListItem","position":2,"name":"Pol\u00edtica de privacidade"}]},{"@type":"WebSite","@id":"https:\/\/www.ailalelo.com\/gl\/#website","url":"https:\/\/www.ailalelo.com\/gl\/","name":"Ailalelo","description":"Nada de esto es inventado, pero lo parece.","publisher":{"@id":"https:\/\/www.ailalelo.com\/gl\/#organization"},"potentialAction":[{"@type":"SearchAction","target":{"@type":"EntryPoint","urlTemplate":"https:\/\/www.ailalelo.com\/gl\/?s={search_term_string}"},"query-input":{"@type":"PropertyValueSpecification","valueRequired":true,"valueName":"search_term_string"}}],"inLanguage":"gl-ES"},{"@type":"Organization","@id":"https:\/\/www.ailalelo.com\/gl\/#organization","name":"Ailalelo","url":"https:\/\/www.ailalelo.com\/gl\/","logo":{"@type":"ImageObject","inLanguage":"gl-ES","@id":"https:\/\/www.ailalelo.com\/gl\/#\/schema\/logo\/image\/","url":"https:\/\/www.ailalelo.com\/wp-content\/uploads\/2025\/10\/logo_ailalelo.webp","contentUrl":"https:\/\/www.ailalelo.com\/wp-content\/uploads\/2025\/10\/logo_ailalelo.webp","width":412,"height":155,"caption":"Ailalelo"},"image":{"@id":"https:\/\/www.ailalelo.com\/gl\/#\/schema\/logo\/image\/"}}]}},"_links":{"self":[{"href":"https:\/\/www.ailalelo.com\/gl\/wp-json\/wp\/v2\/pages\/425","targetHints":{"allow":["GET"]}}],"collection":[{"href":"https:\/\/www.ailalelo.com\/gl\/wp-json\/wp\/v2\/pages"}],"about":[{"href":"https:\/\/www.ailalelo.com\/gl\/wp-json\/wp\/v2\/types\/page"}],"author":[{"embeddable":true,"href":"https:\/\/www.ailalelo.com\/gl\/wp-json\/wp\/v2\/users\/2"}],"replies":[{"embeddable":true,"href":"https:\/\/www.ailalelo.com\/gl\/wp-json\/wp\/v2\/comments?post=425"}],"version-history":[{"count":1,"href":"https:\/\/www.ailalelo.com\/gl\/wp-json\/wp\/v2\/pages\/425\/revisions"}],"predecessor-version":[{"id":427,"href":"https:\/\/www.ailalelo.com\/gl\/wp-json\/wp\/v2\/pages\/425\/revisions\/427"}],"wp:attachment":[{"href":"https:\/\/www.ailalelo.com\/gl\/wp-json\/wp\/v2\/media?parent=425"}],"curies":[{"name":"wp","href":"https:\/\/api.w.org\/{rel}","templated":true}]}}